{"id":6513,"date":"2024-06-03T10:14:56","date_gmt":"2024-06-03T08:14:56","guid":{"rendered":"https:\/\/conservasaramayo.com\/?post_type=product&#038;p=6513"},"modified":"2024-06-03T10:26:52","modified_gmt":"2024-06-03T08:26:52","slug":"esparrago-blanco-17-24-calibre-fino","status":"publish","type":"product","link":"https:\/\/conservasaramayo.com\/fr\/produit\/esparrago-blanco-17-24-calibre-fino\/","title":{"rendered":"ESPARRAGO BLANCO 17\/24 FINO"},"content":{"rendered":"<p>Ingredientes: Esp\u00e1rragos, agua, sal y acidulante: \u00e1cido c\u00edtrico.<\/p>\n<p>Formato | 720 Pesos | P.N:660g \u2013 P.E:425g<\/p>\n<p>INFORMACI\u00d3N NUTRICIONAL POR 100g de peso neto escurrido<br \/>\nValor energ\u00e9tico KJ\/Kcal: 115\/27<br \/>\nGrasas: 0,6g<br \/>\nDe las cuales saturadas: 0g<br \/>\nHidratos de carbono: 2,5g<br \/>\nDe las cuales azucares: 1,1g<br \/>\nProte\u00ednas: 2,1g<br \/>\nSal: 0,71g<\/p>\n<p>Modo de empleo: Escurrir y servir, o bien ali\u00f1ar con una vinagreta.<\/p>\n<p>Modo de conservaci\u00f3n: Almacenar a temperatura ambiente. Una vez abierto mantener refrigerado m\u00e1ximo 5 d\u00edas.<\/p>\n<p>Origen china.<\/p>","protected":false},"excerpt":{"rendered":"<p>Seleccionados uno a uno, por su textura y color, para ofrecer la mejor calidad, envasados directamente despu\u00e9s de recolectar es un producto muy importante para incluir en nuestra alimentaci\u00f3n diaria por todas sus propiedades beneficiosas.<\/p>","protected":false},"featured_media":6514,"template":"","meta":{"_joinchat":[]},"product_brand":[],"product_cat":[77],"product_tag":[],"class_list":{"0":"post-6513","1":"product","2":"type-product","3":"status-publish","4":"has-post-thumbnail","6":"product_cat-esparragos","8":"first","9":"instock","10":"shipping-taxable","11":"product-type-simple"},"yoast_head":"<!-- This site is optimized with the Yoast SEO plugin v26.8 - https:\/\/yoast.com\/product\/yoast-seo-wordpress\/ -->\n<title>ESPARRAGO BLANCO 17\/24 FINO - Conservas Aramayo<\/title>\n<meta name=\"robots\" content=\"index, follow, max-snippet:-1, max-image-preview:large, max-video-preview:-1\" \/>\n<link rel=\"canonical\" href=\"https:\/\/conservasaramayo.com\/fr\/produit\/esparrago-blanco-17-24-calibre-fino\/\" \/>\n<meta property=\"og:locale\" content=\"fr_FR\" \/>\n<meta property=\"og:type\" content=\"article\" \/>\n<meta property=\"og:title\" content=\"ESPARRAGO BLANCO 17\/24 FINO - Conservas Aramayo\" \/>\n<meta property=\"og:description\" content=\"Seleccionados uno a uno, por su textura y color, para ofrecer la mejor calidad, envasados directamente despu\u00e9s de recolectar es un producto muy importante para incluir en nuestra alimentaci\u00f3n diaria por todas sus propiedades beneficiosas.\" \/>\n<meta property=\"og:url\" content=\"https:\/\/conservasaramayo.com\/fr\/produit\/esparrago-blanco-17-24-calibre-fino\/\" \/>\n<meta property=\"og:site_name\" content=\"Conservas Aramayo\" \/>\n<meta property=\"article:modified_time\" content=\"2024-06-03T08:26:52+00:00\" \/>\n<meta property=\"og:image\" content=\"https:\/\/conservasaramayo.com\/wp-content\/uploads\/2024\/06\/Esparrago.jpg\" \/>\n\t<meta property=\"og:image:width\" content=\"2381\" \/>\n\t<meta property=\"og:image:height\" content=\"2381\" \/>\n\t<meta property=\"og:image:type\" content=\"image\/jpeg\" \/>\n<meta name=\"twitter:card\" content=\"summary_large_image\" \/>\n<meta name=\"twitter:label1\" content=\"Dur\u00e9e de lecture estim\u00e9e\" \/>\n\t<meta name=\"twitter:data1\" content=\"1 minute\" \/>\n<script type=\"application\/ld+json\" class=\"yoast-schema-graph\">{\"@context\":\"https:\/\/schema.org\",\"@graph\":[{\"@type\":\"WebPage\",\"@id\":\"https:\/\/conservasaramayo.com\/producto\/esparrago-blanco-17-24-calibre-fino\/\",\"url\":\"https:\/\/conservasaramayo.com\/producto\/esparrago-blanco-17-24-calibre-fino\/\",\"name\":\"ESPARRAGO BLANCO 17\/24 FINO - Conservas Aramayo\",\"isPartOf\":{\"@id\":\"https:\/\/conservasaramayo.com\/#website\"},\"primaryImageOfPage\":{\"@id\":\"https:\/\/conservasaramayo.com\/producto\/esparrago-blanco-17-24-calibre-fino\/#primaryimage\"},\"image\":{\"@id\":\"https:\/\/conservasaramayo.com\/producto\/esparrago-blanco-17-24-calibre-fino\/#primaryimage\"},\"thumbnailUrl\":\"https:\/\/conservasaramayo.com\/wp-content\/uploads\/2024\/06\/Esparrago.jpg\",\"datePublished\":\"2024-06-03T08:14:56+00:00\",\"dateModified\":\"2024-06-03T08:26:52+00:00\",\"breadcrumb\":{\"@id\":\"https:\/\/conservasaramayo.com\/producto\/esparrago-blanco-17-24-calibre-fino\/#breadcrumb\"},\"inLanguage\":\"fr-FR\",\"potentialAction\":[{\"@type\":\"ReadAction\",\"target\":[\"https:\/\/conservasaramayo.com\/producto\/esparrago-blanco-17-24-calibre-fino\/\"]}]},{\"@type\":\"ImageObject\",\"inLanguage\":\"fr-FR\",\"@id\":\"https:\/\/conservasaramayo.com\/producto\/esparrago-blanco-17-24-calibre-fino\/#primaryimage\",\"url\":\"https:\/\/conservasaramayo.com\/wp-content\/uploads\/2024\/06\/Esparrago.jpg\",\"contentUrl\":\"https:\/\/conservasaramayo.com\/wp-content\/uploads\/2024\/06\/Esparrago.jpg\",\"width\":2381,\"height\":2381},{\"@type\":\"BreadcrumbList\",\"@id\":\"https:\/\/conservasaramayo.com\/producto\/esparrago-blanco-17-24-calibre-fino\/#breadcrumb\",\"itemListElement\":[{\"@type\":\"ListItem\",\"position\":1,\"name\":\"Portada\",\"item\":\"https:\/\/conservasaramayo.com\/\"},{\"@type\":\"ListItem\",\"position\":2,\"name\":\"Produits\",\"item\":\"https:\/\/conservasaramayo.com\/fr\/shop\/\"},{\"@type\":\"ListItem\",\"position\":3,\"name\":\"ESPARRAGO BLANCO 17\/24 FINO\"}]},{\"@type\":\"WebSite\",\"@id\":\"https:\/\/conservasaramayo.com\/#website\",\"url\":\"https:\/\/conservasaramayo.com\/\",\"name\":\"Conservas Aramayo\",\"description\":\"\",\"potentialAction\":[{\"@type\":\"SearchAction\",\"target\":{\"@type\":\"EntryPoint\",\"urlTemplate\":\"https:\/\/conservasaramayo.com\/?s={search_term_string}\"},\"query-input\":{\"@type\":\"PropertyValueSpecification\",\"valueRequired\":true,\"valueName\":\"search_term_string\"}}],\"inLanguage\":\"fr-FR\"}]}<\/script>\n<!-- \/ Yoast SEO plugin. -->","yoast_head_json":{"title":"ESPARRAGO BLANCO 17\/24 FINO - Conservas Aramayo","robots":{"index":"index","follow":"follow","max-snippet":"max-snippet:-1","max-image-preview":"max-image-preview:large","max-video-preview":"max-video-preview:-1"},"canonical":"https:\/\/conservasaramayo.com\/fr\/produit\/esparrago-blanco-17-24-calibre-fino\/","og_locale":"fr_FR","og_type":"article","og_title":"ESPARRAGO BLANCO 17\/24 FINO - Conservas Aramayo","og_description":"Seleccionados uno a uno, por su textura y color, para ofrecer la mejor calidad, envasados directamente despu\u00e9s de recolectar es un producto muy importante para incluir en nuestra alimentaci\u00f3n diaria por todas sus propiedades beneficiosas.","og_url":"https:\/\/conservasaramayo.com\/fr\/produit\/esparrago-blanco-17-24-calibre-fino\/","og_site_name":"Conservas Aramayo","article_modified_time":"2024-06-03T08:26:52+00:00","og_image":[{"width":2381,"height":2381,"url":"https:\/\/conservasaramayo.com\/wp-content\/uploads\/2024\/06\/Esparrago.jpg","type":"image\/jpeg"}],"twitter_card":"summary_large_image","twitter_misc":{"Dur\u00e9e de lecture estim\u00e9e":"1 minute"},"schema":{"@context":"https:\/\/schema.org","@graph":[{"@type":"WebPage","@id":"https:\/\/conservasaramayo.com\/producto\/esparrago-blanco-17-24-calibre-fino\/","url":"https:\/\/conservasaramayo.com\/producto\/esparrago-blanco-17-24-calibre-fino\/","name":"ESPARRAGO BLANCO 17\/24 FINO - Conservas Aramayo","isPartOf":{"@id":"https:\/\/conservasaramayo.com\/#website"},"primaryImageOfPage":{"@id":"https:\/\/conservasaramayo.com\/producto\/esparrago-blanco-17-24-calibre-fino\/#primaryimage"},"image":{"@id":"https:\/\/conservasaramayo.com\/producto\/esparrago-blanco-17-24-calibre-fino\/#primaryimage"},"thumbnailUrl":"https:\/\/conservasaramayo.com\/wp-content\/uploads\/2024\/06\/Esparrago.jpg","datePublished":"2024-06-03T08:14:56+00:00","dateModified":"2024-06-03T08:26:52+00:00","breadcrumb":{"@id":"https:\/\/conservasaramayo.com\/producto\/esparrago-blanco-17-24-calibre-fino\/#breadcrumb"},"inLanguage":"fr-FR","potentialAction":[{"@type":"ReadAction","target":["https:\/\/conservasaramayo.com\/producto\/esparrago-blanco-17-24-calibre-fino\/"]}]},{"@type":"ImageObject","inLanguage":"fr-FR","@id":"https:\/\/conservasaramayo.com\/producto\/esparrago-blanco-17-24-calibre-fino\/#primaryimage","url":"https:\/\/conservasaramayo.com\/wp-content\/uploads\/2024\/06\/Esparrago.jpg","contentUrl":"https:\/\/conservasaramayo.com\/wp-content\/uploads\/2024\/06\/Esparrago.jpg","width":2381,"height":2381},{"@type":"BreadcrumbList","@id":"https:\/\/conservasaramayo.com\/producto\/esparrago-blanco-17-24-calibre-fino\/#breadcrumb","itemListElement":[{"@type":"ListItem","position":1,"name":"Portada","item":"https:\/\/conservasaramayo.com\/"},{"@type":"ListItem","position":2,"name":"Produits","item":"https:\/\/conservasaramayo.com\/fr\/shop\/"},{"@type":"ListItem","position":3,"name":"ESPARRAGO BLANCO 17\/24 FINO"}]},{"@type":"WebSite","@id":"https:\/\/conservasaramayo.com\/#website","url":"https:\/\/conservasaramayo.com\/","name":"Conservas Aramayo","description":"","potentialAction":[{"@type":"SearchAction","target":{"@type":"EntryPoint","urlTemplate":"https:\/\/conservasaramayo.com\/?s={search_term_string}"},"query-input":{"@type":"PropertyValueSpecification","valueRequired":true,"valueName":"search_term_string"}}],"inLanguage":"fr-FR"}]}},"_links":{"self":[{"href":"https:\/\/conservasaramayo.com\/fr\/wp-json\/wp\/v2\/product\/6513","targetHints":{"allow":["GET"]}}],"collection":[{"href":"https:\/\/conservasaramayo.com\/fr\/wp-json\/wp\/v2\/product"}],"about":[{"href":"https:\/\/conservasaramayo.com\/fr\/wp-json\/wp\/v2\/types\/product"}],"wp:featuredmedia":[{"embeddable":true,"href":"https:\/\/conservasaramayo.com\/fr\/wp-json\/wp\/v2\/media\/6514"}],"wp:attachment":[{"href":"https:\/\/conservasaramayo.com\/fr\/wp-json\/wp\/v2\/media?parent=6513"}],"wp:term":[{"taxonomy":"product_brand","embeddable":true,"href":"https:\/\/conservasaramayo.com\/fr\/wp-json\/wp\/v2\/product_brand?post=6513"},{"taxonomy":"product_cat","embeddable":true,"href":"https:\/\/conservasaramayo.com\/fr\/wp-json\/wp\/v2\/product_cat?post=6513"},{"taxonomy":"product_tag","embeddable":true,"href":"https:\/\/conservasaramayo.com\/fr\/wp-json\/wp\/v2\/product_tag?post=6513"}],"curies":[{"name":"wp","href":"https:\/\/api.w.org\/{rel}","templated":true}]}}